{"id":7055,"date":"2016-02-18T13:55:47","date_gmt":"2016-02-18T12:55:47","guid":{"rendered":"http:\/\/www.team-nijhof.nl\/bestelformulier\/?lang=de"},"modified":"2025-01-25T12:45:06","modified_gmt":"2025-01-25T11:45:06","slug":"bestellformular","status":"publish","type":"page","link":"https:\/\/www.team-nijhof.nl\/de\/bestellformular\/","title":{"rendered":"Bestellformular"},"content":{"rendered":"<div class=\"wpb-content-wrapper\"><p>[vc_row css=&#8221;.vc_custom_1455801009319{padding-top: 30px !important;padding-bottom: 5px !important;background-color: #f5f5f5 !important;}&#8221;][vc_column][vc_column_text css=&#8221;&#8221;]<\/p>\n<h6>Wir freuen uns, Ihnen unser neues Z\u00fcchterportal vorstellen zu k\u00f6nnen! Diese moderne Plattform macht das Aufgeben und Verwalten von Bestellungen einfacher und schneller als zuvor, wobei alle Ihre Daten f\u00fcr die zuk\u00fcnftige Verwendung sicher gespeichert sind.<\/h6>\n<h6>Wenn Sie den traditionellen Prozess bevorzugen, k\u00f6nnen Sie trotzdem unser regul\u00e4res Bestellformular unten verwenden!<\/h6>\n<p>&nbsp;<\/p>\n<p>[\/vc_column_text][vc_separator][vc_btn title=&#8221;Z\u00fcchterportal&#8221; color=&#8221;inverse&#8221; align=&#8221;center&#8221; css=&#8221;&#8221; link=&#8221;url:https%3A%2F%2Fshop.equinem.com%2Fshop%2Fac0030c9-904b-4823-a304-d5c9f670a533%2Forders|&#8221;][vc_column_text css=&#8221;&#8221;]<\/p>\n<h1>Bestellformular<\/h1>\n<p>F\u00fcllen Sie die Informationen unten aus und wir werden Sie so schnell wie m\u00f6glich kontaktieren.<\/p>\n\n<div class=\"wpcf7 no-js\" id=\"wpcf7-f7375-o1\" lang=\"en-US\" dir=\"ltr\" data-wpcf7-id=\"7375\">\n<div class=\"screen-reader-response\"><p role=\"status\" aria-live=\"polite\" aria-atomic=\"true\"><\/p> <ul><\/ul><\/div>\n<form action=\"\/de\/wp-json\/wp\/v2\/pages\/7055#wpcf7-f7375-o1\" method=\"post\" class=\"wpcf7-form init\" aria-label=\"Contact form\" novalidate=\"novalidate\" data-status=\"init\">\n<fieldset class=\"hidden-fields-container\"><input type=\"hidden\" name=\"_wpcf7\" value=\"7375\" \/><input type=\"hidden\" name=\"_wpcf7_version\" value=\"6.1.5\" \/><input type=\"hidden\" name=\"_wpcf7_locale\" value=\"en_US\" \/><input type=\"hidden\" name=\"_wpcf7_unit_tag\" value=\"wpcf7-f7375-o1\" \/><input type=\"hidden\" name=\"_wpcf7_container_post\" value=\"0\" \/><input type=\"hidden\" name=\"_wpcf7_posted_data_hash\" value=\"\" \/><input type=\"hidden\" name=\"_wpcf7_recaptcha_response\" value=\"\" \/>\n<\/fieldset>\n<p>\n<\/p>\n<div id=\"form2\">\n\t<div class=\"no border\">\n\t\t<div class=\"noborder\">\n\t\t\t<p><span class=\"wpcf7-form-control-wrap\" data-name=\"stallion\"><select class=\"wpcf7-form-control wpcf7-select\" aria-invalid=\"false\" name=\"stallion\"><option value=\"W\u00e4hlen Sie Ihre Hengst\">W\u00e4hlen Sie Ihre Hengst<\/option><option value=\"A-United-Touch\">A-United-Touch<\/option><option value=\"Carambole\">Carambole<\/option><option value=\"Cassini Gold\">Cassini Gold<\/option><option value=\"Cero Blue TN\">Cero Blue TN<\/option><option value=\"Coldplay PS TN\">Coldplay PS TN<\/option><option value=\"Colestus\">Colestus<\/option><option value=\"Con Quidam RB\">Con Quidam RB<\/option><option value=\"Cooper van de Heffinck\">Cooper van de Heffinck<\/option><option value=\"Crescendo TN\">Crescendo TN<\/option><option value=\"El Classico PS TN\">El Classico PS TN<\/option><option value=\"Eldorado v\/d Zeshoek (Ma t\/m Za)\">Eldorado v\/d Zeshoek (Ma t\/m Za)<\/option><option value=\"Dorian Grey TN\">Dorian Grey TN<\/option><option value=\"Drummer TN\">Drummer TN<\/option><option value=\"Florida TN\">Florida TN<\/option><option value=\"Fontaine TN\">Fontaine TN<\/option><option value=\"Grandorado TN\">Grandorado TN<\/option><option value=\"Hernandez TN\">Hernandez TN<\/option><option value=\"Highway TN\">Highway TN<\/option><option value=\"I\u2019m Special de Muze\">I\u2019m Special de Muze<\/option><option value=\"Johnson\">Johnson<\/option><option value=\"Lamaze TN\">Lamaze TN<\/option><option value=\"Lord Fauntleroy\">Lord Fauntleroy<\/option><option value=\"Louison Manciais\">Louison Manciais<\/option><option value=\"Newmarket VM\">Newmarket VM<\/option><option value=\"O&#039;Baily vh Brouwershof\">O&#039;Baily vh Brouwershof<\/option><option value=\"O&#039;Connor TN\">O&#039;Connor TN<\/option><option value=\"Onassis\">Onassis<\/option><option value=\"Ozzy TN\">Ozzy TN<\/option><option value=\"Pacorro TN\">Pacorro TN<\/option><option value=\"Poker de Mariposa\">Poker de Mariposa<\/option><option value=\"Rocket Man TN\">Rocket Man TN<\/option><option value=\"Spielberg\">Spielberg<\/option><option value=\"Springsteen TN\">Springsteen TN<\/option><option value=\"Tattoo\">Tattoo<\/option><option value=\"Telstar\">Telstar<\/option><option value=\"Up van &#039;t Paradijs\">Up van &#039;t Paradijs<\/option><option value=\"Verdi (mo, di, do, sa)\">Verdi (mo, di, do, sa)<\/option><option value=\"Vino For Fun\">Vino For Fun<\/option><option value=\"Volare PS TN\">Volare PS TN<\/option><option value=\"Bocelli TN (Tiefgefriert)\">Bocelli TN (Tiefgefriert)<\/option><option value=\"Calvados (Tiefgefriert)\">Calvados (Tiefgefriert)<\/option><option value=\"Camargo (Tiefgefriert)\">Camargo (Tiefgefriert)<\/option><option value=\"Canabis Z (Tiefgefriert)\">Canabis Z (Tiefgefriert)<\/option><option value=\"Chapeau (Tiefgefriert)\">Chapeau (Tiefgefriert)<\/option><option value=\"Chaplin (Tiefgefriert)\">Chaplin (Tiefgefriert)<\/option><option value=\"Classico TN (Tiefgefriert)\">Classico TN (Tiefgefriert)<\/option><option value=\"Commil Champ Z (Tiefgefriert)\">Commil Champ Z (Tiefgefriert)<\/option><option value=\"Concorde (Tiefgefriert)\">Concorde (Tiefgefriert)<\/option><option value=\"Denzel vh Meulenhof (Tiefgefriert)\">Denzel vh Meulenhof (Tiefgefriert)<\/option><option value=\"Diego v\/d Zeshoek (Tiefgefriert)\">Diego v\/d Zeshoek (Tiefgefriert)<\/option><option value=\"El Clarimo (Tiefgefriert)\">El Clarimo (Tiefgefriert)<\/option><option value=\"Elton John (Tiefgefriert)\">Elton John (Tiefgefriert)<\/option><option value=\"Elvaro (Tiefgefriert)\">Elvaro (Tiefgefriert)<\/option><option value=\"Firestone (Tiefgefriert)\">Firestone (Tiefgefriert)<\/option><option value=\"Florencio (Tiefgefriert)\">Florencio (Tiefgefriert)<\/option><option value=\"For Chacco TN (Tiefgefriert)\">For Chacco TN (Tiefgefriert)<\/option><option value=\"Formidable (Tiefgefriert)\">Formidable (Tiefgefriert)<\/option><option value=\"Floris (Tiefgefriert)\">Floris (Tiefgefriert)<\/option><option value=\"Guidam Sohn (Tiefgefriert)\">Guidam Sohn (Tiefgefriert)<\/option><option value=\"Impact TN (Tiefgefriert)\">Impact TN (Tiefgefriert)<\/option><option value=\"King Kashmir (Tiefgefriert)\">King Kashmir (Tiefgefriert)<\/option><option value=\"Komme Casall (Tiefgefriert)\">Komme Casall (Tiefgefriert)<\/option><option value=\"Larino (Tiefgefriert)\">Larino (Tiefgefriert)<\/option><option value=\"Latour TN (Tiefgefriert)\">Latour TN (Tiefgefriert)<\/option><option value=\"Lord Z (Tiefgefriert)\">Lord Z (Tiefgefriert)<\/option><option value=\"Malibu TN (Tiefgefriert)\">Malibu TN (Tiefgefriert)<\/option><option value=\"Maloubet de Pleville (Tiefgefriert)\">Maloubet de Pleville (Tiefgefriert)<\/option><option value=\"Manhattan (Tiefgefriert)\">Manhattan (Tiefgefriert)<\/option><option value=\"Marius Claudius (Tiefgefriert)\">Marius Claudius (Tiefgefriert)<\/option><option value=\"Opium JW  van de Moerhoeve (Tiefgefriert)\">Opium JW  van de Moerhoeve (Tiefgefriert)<\/option><option value=\"Pilothago (Tiefgefriert)\">Pilothago (Tiefgefriert)<\/option><option value=\"Q.Breitling (Tiefgefriert)\">Q.Breitling (Tiefgefriert)<\/option><option value=\"Q\u2019Chacco Blue van Essene (Tiefgefriert)\">Q\u2019Chacco Blue van Essene (Tiefgefriert)<\/option><option value=\"Quality Time (Tiefgefriert)\">Quality Time (Tiefgefriert)<\/option><option value=\"Sir Oldenburg (Tiefgefriert)\">Sir Oldenburg (Tiefgefriert)<\/option><option value=\"Sky Blue-K van Kattenheye (Tiefgefriert)\">Sky Blue-K van Kattenheye (Tiefgefriert)<\/option><option value=\"Spartacus (Tiefgefriert)\">Spartacus (Tiefgefriert)<\/option><option value=\"Starpower (Tiefgefriert)\">Starpower (Tiefgefriert)<\/option><option value=\"Tadmus (Tiefgefriert)\">Tadmus (Tiefgefriert)<\/option><option value=\"Tallmann TN (Tiefgefriert)\">Tallmann TN (Tiefgefriert)<\/option><option value=\"Ulove des Charmes (Tiefgefriert)\">Ulove des Charmes (Tiefgefriert)<\/option><option value=\"Voltaire (Tiefgefriert)\">Voltaire (Tiefgefriert)<\/option><option value=\"Warrant (Tiefgefriert)\">Warrant (Tiefgefriert)<\/option><option value=\"Wolfgang (Tiefgefriert)\">Wolfgang (Tiefgefriert)<\/option><option value=\"Zacharov (Tiefgefriert)\">Zacharov (Tiefgefriert)<\/option><option value=\"Zambesi (Tiefgefriert)\">Zambesi (Tiefgefriert)<\/option><option value=\"Clinton (icsi)\">Clinton (icsi)<\/option><option value=\"Heartbreaker (icsi)\">Heartbreaker (icsi)<\/option><\/select><\/span>\n\t\t\t<\/p>\n\t\t\t<h2>Daten des Stutes\n\t\t\t<\/h2>\n\t\t\t<p><span class=\"wpcf7-form-control-wrap\" data-name=\"naammerrie\"><input size=\"40\" maxlength=\"400\" class=\"wpcf7-form-control wpcf7-text wpcf7-validates-as-required naammerrie\" id=\"naammerrie\" aria-required=\"true\" aria-invalid=\"false\" placeholder=\"Name der Stute *\" value=\"\" type=\"text\" name=\"naammerrie\" \/><\/span><br \/>\n<span class=\"wpcf7-form-control-wrap\" data-name=\"Abstammung\"><input size=\"40\" maxlength=\"400\" class=\"wpcf7-form-control wpcf7-text wpcf7-validates-as-required levensnummermerrie\" id=\"afstammingmerrie\" aria-required=\"true\" aria-invalid=\"false\" placeholder=\"Abstammung\" value=\"\" type=\"text\" name=\"Abstammung\" \/><\/span><br \/>\n<span class=\"wpcf7-form-control-wrap\" data-name=\"levensnummermerrie\"><input size=\"40\" maxlength=\"400\" class=\"wpcf7-form-control wpcf7-text wpcf7-validates-as-required levensnummermerrie\" id=\"levensnummermerrie\" aria-required=\"true\" aria-invalid=\"false\" placeholder=\"Lebensnummer der Stute *\" value=\"\" type=\"text\" name=\"levensnummermerrie\" \/><\/span>\n\t\t\t<\/p>\n\t\t\t<p>Treffen Sie Ihre Wahl: Frisch Versand oder ET:<br \/>\n<span class=\"wpcf7-form-control-wrap\" data-name=\"ki\"><select class=\"wpcf7-form-control wpcf7-select\" aria-invalid=\"false\" name=\"ki\"><option value=\"Frisch Versand\">Frisch Versand<\/option><option value=\"Embryo Transfer\">Embryo Transfer<\/option><\/select><\/span>\n\t\t\t<\/p>\n\t\t\t<p>Welchem Zuchtverband soll die Bedeckung gemeldet werden?<br \/>\n<span class=\"wpcf7-form-control-wrap\" data-name=\"Stamboekveulen\"><select class=\"wpcf7-form-control wpcf7-select stamboekveulen\" id=\"stamboekveulen\" aria-invalid=\"false\" name=\"Stamboekveulen\"><option value=\"W\u00e4hlen Sie Ihre Zuchtverband\">W\u00e4hlen Sie Ihre Zuchtverband<\/option><option value=\"AES\">AES<\/option><option value=\"Baden-W\u00fcrttemberg\">Baden-W\u00fcrttemberg<\/option><option value=\"Bayern\">Bayern<\/option><option value=\"Brandenburg Anhalt\">Brandenburg Anhalt<\/option><option value=\"BWP\">BWP<\/option><option value=\"DSP\">DSP<\/option><option value=\"Hannover\">Hannover<\/option><option value=\"Holstein\">Holstein<\/option><option value=\"KWPN\">KWPN<\/option><option value=\"Mecklenburg\">Mecklenburg<\/option><option value=\"NRPS\">NRPS<\/option><option value=\"Oldenburg\">Oldenburg<\/option><option value=\"Rheinland Pfalz Saar\">Rheinland Pfalz Saar<\/option><option value=\"Sachsen-Anhalt\">Sachsen-Anhalt<\/option><option value=\"Selle Fran\u00e7ais\">Selle Fran\u00e7ais<\/option><option value=\"Westfalen\">Westfalen<\/option><option value=\"Zangersheide\">Zangersheide<\/option><option value=\"Sonstiges\">Sonstiges<\/option><\/select><\/span>\n\t\t\t<\/p>\n\t\t\t<h2>Daten des Stutenbesitzers\n\t\t\t<\/h2>\n\t\t\t<p><span class=\"wpcf7-form-control-wrap\" data-name=\"Zakelijkofparticulier\"><span class=\"wpcf7-form-control wpcf7-radio\"><span class=\"wpcf7-list-item first\"><label><input type=\"radio\" name=\"Zakelijkofparticulier\" value=\"Gesch\u00e4ftskunde\" checked=\"checked\" \/><span class=\"wpcf7-list-item-label\">Gesch\u00e4ftskunde<\/span><\/label><\/span><span class=\"wpcf7-list-item last\"><label><input type=\"radio\" name=\"Zakelijkofparticulier\" value=\"Privatkunde\" \/><span class=\"wpcf7-list-item-label\">Privatkunde<\/span><\/label><\/span><\/span><\/span><br \/>\n<span class=\"wpcf7-form-control-wrap\" data-name=\"bedrijfsnaammh\"><input size=\"40\" maxlength=\"400\" class=\"wpcf7-form-control wpcf7-text\" aria-invalid=\"false\" placeholder=\"Firmenname (optional)\" value=\"\" type=\"text\" name=\"bedrijfsnaammh\" \/><\/span><br \/>\n<span class=\"wpcf7-form-control-wrap\" data-name=\"Voornaammh\"><input size=\"40\" maxlength=\"400\" class=\"wpcf7-form-control wpcf7-text\" aria-invalid=\"false\" placeholder=\"Vorname\" value=\"\" type=\"text\" name=\"Voornaammh\" \/><\/span><br \/>\n<span class=\"wpcf7-form-control-wrap\" data-name=\"achternaammh\"><input size=\"40\" maxlength=\"400\" class=\"wpcf7-form-control wpcf7-text wpcf7-validates-as-required\" aria-required=\"true\" aria-invalid=\"false\" placeholder=\"Nachname*\" value=\"\" type=\"text\" name=\"achternaammh\" \/><\/span><br \/>\n<span class=\"wpcf7-form-control-wrap\" data-name=\"straatnaammh\"><input size=\"40\" maxlength=\"400\" class=\"wpcf7-form-control wpcf7-text\" aria-invalid=\"false\" placeholder=\"Stra\u00dfe\" value=\"\" type=\"text\" name=\"straatnaammh\" \/><\/span><br \/>\n<span class=\"wpcf7-form-control-wrap\" data-name=\"postcodemh\"><input size=\"40\" maxlength=\"400\" class=\"wpcf7-form-control wpcf7-text\" aria-invalid=\"false\" placeholder=\"Postleitzahl\" value=\"\" type=\"text\" name=\"postcodemh\" \/><\/span><br \/>\n<span class=\"wpcf7-form-control-wrap\" data-name=\"woonplaatsmh\"><input size=\"40\" maxlength=\"400\" class=\"wpcf7-form-control wpcf7-text wpcf7-validates-as-required\" aria-required=\"true\" aria-invalid=\"false\" placeholder=\"Ort*\" value=\"\" type=\"text\" name=\"woonplaatsmh\" \/><\/span><br \/>\n<span class=\"wpcf7-form-control-wrap\" data-name=\"landmh\"><input size=\"40\" maxlength=\"400\" class=\"wpcf7-form-control wpcf7-text\" aria-invalid=\"false\" placeholder=\"Land\" value=\"\" type=\"text\" name=\"landmh\" \/><\/span><br \/>\n<span class=\"wpcf7-form-control-wrap\" data-name=\"Umsatzsteuer\"><input size=\"40\" maxlength=\"400\" class=\"wpcf7-form-control wpcf7-text\" aria-invalid=\"false\" placeholder=\"Umsatzsteuer ID nr\" value=\"\" type=\"text\" name=\"Umsatzsteuer\" \/><\/span><br \/>\n<span class=\"wpcf7-form-control-wrap\" data-name=\"your-email\"><input size=\"40\" maxlength=\"400\" class=\"wpcf7-form-control wpcf7-email wpcf7-validates-as-required wpcf7-text wpcf7-validates-as-email\" aria-required=\"true\" aria-invalid=\"false\" placeholder=\"E-mail*\" value=\"\" type=\"email\" name=\"your-email\" \/><\/span><br \/>\n<span class=\"wpcf7-form-control-wrap\" data-name=\"telefoonnummermh\"><input size=\"40\" maxlength=\"400\" class=\"wpcf7-form-control wpcf7-text wpcf7-validates-as-required\" aria-required=\"true\" aria-invalid=\"false\" placeholder=\"Telefon*\" value=\"\" type=\"text\" name=\"telefoonnummermh\" \/><\/span>\n\t\t\t<\/p>\n\t\t\t<h2>Rechnungsadresse (wen anders als Adresse des Stutenbesitzers)\n\t\t\t<\/h2>\n\t\t\t<p><span class=\"wpcf7-form-control-wrap\" data-name=\"bedrijfsnaamfa\"><input size=\"40\" maxlength=\"400\" class=\"wpcf7-form-control wpcf7-text\" aria-invalid=\"false\" placeholder=\"Firmenname (optional)\" value=\"\" type=\"text\" name=\"bedrijfsnaamfa\" \/><\/span><br \/>\n<span class=\"wpcf7-form-control-wrap\" data-name=\"naamfa\"><input size=\"40\" maxlength=\"400\" class=\"wpcf7-form-control wpcf7-text\" aria-invalid=\"false\" placeholder=\"Name\" value=\"\" type=\"text\" name=\"naamfa\" \/><\/span><br \/>\n<span class=\"wpcf7-form-control-wrap\" data-name=\"straatfa\"><input size=\"40\" maxlength=\"400\" class=\"wpcf7-form-control wpcf7-text\" aria-invalid=\"false\" placeholder=\"Stra\u00dfe\" value=\"\" type=\"text\" name=\"straatfa\" \/><\/span><br \/>\n<span class=\"wpcf7-form-control-wrap\" data-name=\"postcodefa\"><input size=\"40\" maxlength=\"400\" class=\"wpcf7-form-control wpcf7-text\" aria-invalid=\"false\" placeholder=\"Postleizahl\" value=\"\" type=\"text\" name=\"postcodefa\" \/><\/span><br \/>\n<span class=\"wpcf7-form-control-wrap\" data-name=\"woonplaatsfa\"><input size=\"40\" maxlength=\"400\" class=\"wpcf7-form-control wpcf7-text\" aria-invalid=\"false\" placeholder=\"Ort\" value=\"\" type=\"text\" name=\"woonplaatsfa\" \/><\/span><br \/>\n<span class=\"wpcf7-form-control-wrap\" data-name=\"landfa\"><input size=\"40\" maxlength=\"400\" class=\"wpcf7-form-control wpcf7-text\" aria-invalid=\"false\" placeholder=\"Land\" value=\"\" type=\"text\" name=\"landfa\" \/><\/span><br \/>\n<span class=\"wpcf7-form-control-wrap\" data-name=\"Umsatzsteuer\"><input size=\"40\" maxlength=\"400\" class=\"wpcf7-form-control wpcf7-text\" aria-invalid=\"false\" placeholder=\"Umsatzsteuer ID nr\" value=\"\" type=\"text\" name=\"Umsatzsteuer\" \/><\/span>\n\t\t\t<\/p>\n\t\t\t<h2> Samenlieferung\n\t\t\t<\/h2>\n\t\t\t<p>Wie soll die Samenlieferung erfolgen?<br \/>\n<span class=\"wpcf7-form-control-wrap\" data-name=\"levering\"><select class=\"wpcf7-form-control wpcf7-select levering\" id=\"levering\" aria-invalid=\"false\" name=\"levering\"><option value=\"W\u00e4hlen Sie Samenlieferung\">W\u00e4hlen Sie Samenlieferung<\/option><option value=\"Der Samen soll per Express verschickt werden zum Adresse des Stutenbezitsers\">Der Samen soll per Express verschickt werden zum Adresse des Stutenbezitsers<\/option><option value=\"Der Samen soll per Express verschickt werden zum andere Adresse\">Der Samen soll per Express verschickt werden zum andere Adresse<\/option><option value=\"Der Samen wird abgeholt\">Der Samen wird abgeholt<\/option><option value=\"Die Stute kommt zur Team Nijhof\">Die Stute kommt zur Team Nijhof<\/option><option value=\"Sonstiges (Telefon +31 6 54 27 72 50)\">Sonstiges (Telefon +31 6 54 27 72 50)<\/option><\/select><\/span>\n\t\t\t<\/p>\n\t\t\t<p>Wann soll die Samenlieferung erfolgen?<br \/>\n<span class=\"wpcf7-form-control-wrap\" data-name=\"Abgabetermin\"><input size=\"40\" maxlength=\"400\" class=\"wpcf7-form-control wpcf7-text wpcf7-validates-as-required\" id=\"Abgabetermin\" aria-required=\"true\" aria-invalid=\"false\" placeholder=\"Lieferdatum\" value=\"\" type=\"text\" name=\"Abgabetermin\" \/><\/span>\n\t\t\t<\/p>\n\t\t\t<h2>Liefer Adresse (Hengsthalter, Tierarzt, Stutenbesitzer)\n\t\t\t<\/h2>\n\t\t\t<p><span class=\"wpcf7-form-control-wrap\" data-name=\"NaamBedrijfsnaamafw\"><input size=\"40\" maxlength=\"400\" class=\"wpcf7-form-control wpcf7-text NaamBedrijfsnaamafw\" id=\"NaamBedrijfsnaamafw\" aria-invalid=\"false\" placeholder=\"Name \/ Firmenname\" value=\"\" type=\"text\" name=\"NaamBedrijfsnaamafw\" \/><\/span><br \/>\n<span class=\"wpcf7-form-control-wrap\" data-name=\"Straatafw\"><input size=\"40\" maxlength=\"400\" class=\"wpcf7-form-control wpcf7-text Straatafw\" id=\"Straatafw\" aria-invalid=\"false\" placeholder=\"Stra\u00dfe\" value=\"\" type=\"text\" name=\"Straatafw\" \/><\/span><br \/>\n<span class=\"wpcf7-form-control-wrap\" data-name=\"Postcodeafw\"><input size=\"40\" maxlength=\"400\" class=\"wpcf7-form-control wpcf7-text Postcodeafw\" id=\"Postcodeafw\" aria-invalid=\"false\" placeholder=\"Postleizahl\" value=\"\" type=\"text\" name=\"Postcodeafw\" \/><\/span><br \/>\n<span class=\"wpcf7-form-control-wrap\" data-name=\"Woonplaatsafw\"><input size=\"40\" maxlength=\"400\" class=\"wpcf7-form-control wpcf7-text Woonplaatsafw\" id=\"Woonplaatsafw\" aria-invalid=\"false\" placeholder=\"Ort\" value=\"\" type=\"text\" name=\"Woonplaatsafw\" \/><\/span><br \/>\n<span class=\"wpcf7-form-control-wrap\" data-name=\"Landafw\"><input size=\"40\" maxlength=\"400\" class=\"wpcf7-form-control wpcf7-text Landafw\" id=\"Landafw\" aria-invalid=\"false\" placeholder=\"Land\" value=\"\" type=\"text\" name=\"Landafw\" \/><\/span>\n\t\t\t<\/p>\n\t\t\t<h2>Weitere Informationen zur Bestellung\n\t\t\t<\/h2>\n\t\t\t<p><span class=\"wpcf7-form-control-wrap\" data-name=\"Opmerkingen\"><textarea cols=\"40\" rows=\"10\" maxlength=\"2000\" class=\"wpcf7-form-control wpcf7-textarea Opmerkingen\" id=\"Opmerkingen\" aria-invalid=\"false\" placeholder=\"Weitere Informationen zur Bestellung\" name=\"Opmerkingen\"><\/textarea><\/span>\n\t\t\t<\/p>\n\t\t\t<p><span class=\"wpcf7-form-control-wrap\" data-name=\"accepterenalgemenevoorwaarden\"><span class=\"wpcf7-form-control wpcf7-checkbox wpcf7-validates-as-required wpcf7-exclusive-checkbox\"><span class=\"wpcf7-list-item first last\"><input type=\"checkbox\" name=\"accepterenalgemenevoorwaarden\" value=\"Ich akzeptiere die Allgemeinen Bedingugen von SWS Nijhof bv f\u00fcr 2026 und ich gebe Zustimmung die Angaben dieser Bedeckung weiter zu geben am Pferde stammbuch entweder\/oder am Besziters des Hengstes.\" \/><span class=\"wpcf7-list-item-label\">Ich akzeptiere die Allgemeinen Bedingugen von SWS Nijhof bv f\u00fcr 2026 und ich gebe Zustimmung die Angaben dieser Bedeckung weiter zu geben am Pferde stammbuch entweder\/oder am Besziters des Hengstes.<\/span><\/span><\/span><\/span>\n\t\t\t<\/p>\n\t\t\n\t\t\t<p><input class=\"wpcf7-form-control wpcf7-submit has-spinner\" type=\"submit\" value=\"VERSANDEN\" \/>\n\t\t\t<\/p>\n\t\t<\/div>\n\t<\/div>\n<\/div><div class=\"wpcf7-response-output\" aria-hidden=\"true\"><\/div>\n<\/form>\n<\/div>\n\n<p>[\/vc_column_text][\/vc_column][\/vc_row][vc_row][vc_column][\/vc_column][\/vc_row][vc_row][vc_column][\/vc_column][\/vc_row][vc_row][vc_column][\/vc_column][\/vc_row]<\/p>\n<\/div>","protected":false},"excerpt":{"rendered":"<p>[vc_row css=&#8221;.vc_custom_1455801009319{padding-top: 30px !important;padding-bottom: 5px !important;background-color: #f5f5f5 !important;}&#8221;][vc_column][vc_column_text css=&#8221;&#8221;] Wir freuen uns, Ihnen unser neues Z\u00fcchterportal vorstellen zu k\u00f6nnen! Diese moderne Plattform macht das Aufgeben und Verwalten von Bestellungen einfacher und schneller als zuvor, wobei alle Ihre Daten f\u00fcr die zuk\u00fcnftige Verwendung sicher gespeichert sind. Wenn Sie den traditionellen Prozess bevorzugen, k\u00f6nnen Sie trotzdem unser regul\u00e4res Bestellformular unten verwenden! &nbsp; [\/vc_column_text][vc_separator][vc_btn title=&#8221;Z\u00fcchterportal&#8221; color=&#8221;inverse&#8221; align=&#8221;center&#8221; css=&#8221;&#8221; link=&#8221;url:https%3A%2F%2Fshop.equinem.com%2Fshop%2Fac0030c9-904b-4823-a304-d5c9f670a533%2Forders|&#8221;][vc_column_text css=&#8221;&#8221;] Bestellformular F\u00fcllen Sie die Informationen unten aus und wir werden Sie so schnell wie m\u00f6glich kontaktieren. [\/vc_column_text][\/vc_column][\/vc_row][vc_row][vc_column][\/vc_column][\/vc_row][vc_row][vc_column][\/vc_column][\/vc_row][vc_row][vc_column][\/vc_column][\/vc_row]<\/p>\n","protected":false},"author":3,"featured_media":0,"parent":0,"menu_order":0,"comment_status":"closed","ping_status":"closed","template":"page-fullwidth.php","meta":{"footnotes":""},"class_list":["post-7055","page","type-page","status-publish","hentry"],"_links":{"self":[{"href":"https:\/\/www.team-nijhof.nl\/de\/wp-json\/wp\/v2\/pages\/7055","targetHints":{"allow":["GET"]}}],"collection":[{"href":"https:\/\/www.team-nijhof.nl\/de\/wp-json\/wp\/v2\/pages"}],"about":[{"href":"https:\/\/www.team-nijhof.nl\/de\/wp-json\/wp\/v2\/types\/page"}],"author":[{"embeddable":true,"href":"https:\/\/www.team-nijhof.nl\/de\/wp-json\/wp\/v2\/users\/3"}],"replies":[{"embeddable":true,"href":"https:\/\/www.team-nijhof.nl\/de\/wp-json\/wp\/v2\/comments?post=7055"}],"version-history":[{"count":12,"href":"https:\/\/www.team-nijhof.nl\/de\/wp-json\/wp\/v2\/pages\/7055\/revisions"}],"predecessor-version":[{"id":55916,"href":"https:\/\/www.team-nijhof.nl\/de\/wp-json\/wp\/v2\/pages\/7055\/revisions\/55916"}],"wp:attachment":[{"href":"https:\/\/www.team-nijhof.nl\/de\/wp-json\/wp\/v2\/media?parent=7055"}],"curies":[{"name":"wp","href":"https:\/\/api.w.org\/{rel}","templated":true}]}}