{"id":7060,"date":"2014-12-11T12:09:32","date_gmt":"2014-12-11T11:09:32","guid":{"rendered":"http:\/\/www.team-nijhof.nl\/home-test-2\/?lang=de"},"modified":"2026-02-05T12:25:56","modified_gmt":"2026-02-05T11:25:56","slug":"home-test-2","status":"publish","type":"page","link":"https:\/\/www.team-nijhof.nl\/de\/","title":{"rendered":"Home"},"content":{"rendered":"<div class=\"wpb-content-wrapper\"><p>[vc_row][vc_column][vc_custom_heading text=&#8221;WILLKOMMEN BEI&#8221; font_container=&#8221;tag:h3|font_size:16px|text_align:center|color:%23cdba65&#8243; google_fonts=&#8221;font_family:PT%20Serif%3Aregular%2Citalic%2C700%2C700italic|font_style:400%20italic%3A400%3Aitalic&#8221;][vc_custom_heading text=&#8221;Team Nijhof&#8221; font_container=&#8221;tag:h2|font_size:36px|text_align:center|color:%23001d1b&#8221; google_fonts=&#8221;font_family:PT%20Serif%3Aregular%2Citalic%2C700%2C700italic|font_style:700%20bold%20italic%3A700%3Aitalic&#8221;][vc_column_text css=&#8221;.vc_custom_1700042701997{margin-top: 25px !important;margin-bottom: 30px !important;}&#8221;]<\/p>\n<p style=\"text-align: center;\">Team Nijhof ist ein Pferdesport- und Pferdezuchtbetrieb mit Gest\u00fct, EU-Station, Sportstall, Hengsthaltung und tier\u00e4rztlicher Praxis. Wir verf\u00fcgen \u00fcber eine Rekordzahl an Grand-Prix-Hengsten. Unsere Hengste geh\u00f6ren zur Weltspitze und zu den herausragenden Protagonisten im Sport. Beweis daf\u00fcr\u00a0ist die Teilnahme von Team Nijhof-Hengsten am Weltcup-Finale, an den Europameisterschaften und an den Olympischen Spielen in Rio de Janeiro 2016.<\/p>\n<p>[\/vc_column_text][vc_button color=&#8221;up_btn-d&#8221; align=&#8221;center&#8221; title=&#8221;Mehr&#8221; href=&#8221;over-team-nijhof&#8221;][vc_column_text css=&#8221;.vc_custom_1551355617849{margin-top: 25px !important;margin-bottom: 30px !important;}&#8221;][\/vc_column_text][vc_empty_space][vc_single_image image=&#8221;68912&#8243; img_size=&#8221;400&#215;600&#8243; alignment=&#8221;center&#8221; onclick=&#8221;custom_link&#8221; img_link_target=&#8221;_blank&#8221; css=&#8221;&#8221; link=&#8221;https:\/\/www.team-nijhof.nl\/wp-content\/uploads\/2026\/02\/20260130_Catalogus-Nijhof-2026-inhoud-DUI.pdf&#8221;][vc_empty_space][\/vc_column][\/vc_row][vc_row equal_height=&#8221;yes&#8221; row_type=&#8221;full&#8221; css=&#8221;.vc_custom_1524728775654{background-position: center !important;background-repeat: no-repeat !important;background-size: cover !important;}&#8221;][vc_column parallax=&#8221;content-moving&#8221; parallax_image=&#8221;24449&#8243; width=&#8221;1\/2&#8243; css=&#8221;.vc_custom_1671736615890{padding-right: 40px !important;padding-left: 40px !important;background: #000000 url(https:\/\/www.team-nijhof.nl\/wp-content\/uploads\/2014\/12\/HenkSrWEBdonker.jpg?id=24449) !important;background-position: center !important;background-repeat: no-repeat !important;background-size: cover !important;}&#8221;][vc_empty_space height=&#8221;65px&#8221;][vc_custom_heading text=&#8221;UNSERE&#8221; font_container=&#8221;tag:h3|font_size:16px|text_align:center|color:%23cdba65&#8243; google_fonts=&#8221;font_family:PT%20Serif%3Aregular%2Citalic%2C700%2C700italic|font_style:400%20italic%3A400%3Aitalic&#8221;][vc_custom_heading text=&#8221;Hengste&#8221; font_container=&#8221;tag:h2|font_size:36px|text_align:center|color:%23ffffff&#8221; google_fonts=&#8221;font_family:PT%20Serif%3Aregular%2Citalic%2C700%2C700italic|font_style:700%20bold%20italic%3A700%3Aitalic&#8221;][vc_column_text css=&#8221;.vc_custom_1607970353035{padding-top: 25px !important;}&#8221;]<span style=\"color: #ffffff;\">Team Nijhof verf\u00fcgt \u00fcber viele bew\u00e4hrte Hengste. Hengste, die derzeit gute Leistungen im Sport bringen, aber auch \u00fcber neue, vielversprechende Hengste. Wenn Sie den richtigen Hengst f\u00fcr Ihre Stute aussuchen, verschaffen Sie Ihrem Fohlen einen noch besseren Start in seine Karriere. Bei uns k\u00f6nnen Sie immer auf eine passende Empfehlung rechnen.[\/vc_column_text][vc_empty_space height=&#8221;25&#8243;][vc_button color=&#8221;up_btn-d&#8221; align=&#8221;center&#8221; title=&#8221;Unsere Hengste&#8221; href=&#8221;https:\/\/www.team-nijhof.nl\/de\/paarden-categorie\/neue-pferde\/&#8221;][vc_empty_space height=&#8221;85px&#8221;][\/vc_column][vc_column parallax=&#8221;content-moving&#8221; parallax_image=&#8221;24447&#8243; width=&#8221;1\/2&#8243; css=&#8221;.vc_custom_1671736302752{padding-right: 40px !important;padding-left: 40px !important;background: #001d1b url(https:\/\/www.team-nijhof.nl\/wp-content\/uploads\/2014\/12\/PaardentekoopWEBdonker.jpg?id=6063) !important;background-position: center !important;background-repeat: no-repeat !important;background-size: cover !important;}&#8221;][vc_empty_space height=&#8221;65px&#8221;][vc_custom_heading text=&#8221;AKTUAL&#8221; font_container=&#8221;tag:h3|font_size:16px|text_align:center|color:%23cdba65&#8243; google_fonts=&#8221;font_family:PT%20Serif%3Aregular%2Citalic%2C700%2C700italic|font_style:400%20italic%3A400%3Aitalic&#8221;][vc_custom_heading text=&#8221;Zu Verkaufen&#8221; font_container=&#8221;tag:h2|font_size:36px|text_align:center|color:%23ffffff&#8221; google_fonts=&#8221;font_family:PT%20Serif%3Aregular%2Citalic%2C700%2C700italic|font_style:700%20bold%20italic%3A700%3Aitalic&#8221;][vc_column_text css=&#8221;.vc_custom_1671735429231{padding-top: 25px !important;}&#8221;]<span style=\"color: #ffffff;\">Wir haben st\u00e4ndig ein starkes Angebot an Sportpferden, die zum Verkauf stehen. Dank jahrelanger Erfahrung wissen wir besser als irgendein anderer, welchen Anforderungen ein Sportpferd gen\u00fcgen muss. Wir verkaufen sowohl junge als auch erfahrene Dressur- und Springpferde. Nehmen Sie Kontakt mit uns auf, wenn Sie ein Pferd sehen, an dem Sie Interesse haben.<\/span><\/span>[\/vc_column_text][vc_empty_space height=&#8221;25&#8243;][vc_button color=&#8221;up_btn-d&#8221; align=&#8221;center&#8221; title=&#8221;Angebot ansehen&#8221; href=&#8221;https:\/\/www.team-nijhof.nl\/de\/online-auktion\/&#8221;][vc_empty_space height=&#8221;85px&#8221;][\/vc_column][\/vc_row][vc_row css=&#8221;.vc_custom_1524728752010{padding-top: 60px !important;padding-bottom: 20px !important;background-color: #f7f7f7 !important;}&#8221;][vc_column][vc_custom_heading text=&#8221;UNSERE NEUESTEN&#8221; font_container=&#8221;tag:h3|font_size:16px|text_align:center|color:%23cdba65&#8243; google_fonts=&#8221;font_family:PT%20Serif%3Aregular%2Citalic%2C700%2C700italic|font_style:400%20italic%3A400%3Aitalic&#8221;][vc_custom_heading text=&#8221;Nachrichten&#8221; font_container=&#8221;tag:h2|font_size:36px|text_align:center|color:%23001d1b&#8221; google_fonts=&#8221;font_family:PT%20Serif%3Aregular%2Citalic%2C700%2C700italic|font_style:700%20bold%20italic%3A700%3Aitalic&#8221;][vc_empty_space height=&#8221;20px&#8221;][horseclub_latest_post lplayout=&#8221;lp_three&#8221; postperpage=&#8221;3&#8243;][vc_empty_space height=&#8221;40px&#8221;][vc_button color=&#8221;up_btn-d&#8221; align=&#8221;center&#8221; title=&#8221;ALLE NACHRICHTEN&#8221; href=&#8221;blog&#8221;][\/vc_column][\/vc_row][vc_row css=&#8221;.vc_custom_1455712578628{padding-top: 60px !important;padding-bottom: 60px !important;background-color: #f7f7f7 !important;}&#8221;][vc_column][vc_custom_heading text=&#8221;INTERNATIONALE RESULTATEN&#8221; font_container=&#8221;tag:h3|font_size:16px|text_align:center|color:%23cdba65&#8243; google_fonts=&#8221;font_family:PT%20Serif%3Aregular%2Citalic%2C700%2C700italic|font_style:400%20italic%3A400%3Aitalic&#8221;][vc_custom_heading text=&#8221;Team Nijhof&#8221; font_container=&#8221;tag:h2|font_size:36px|text_align:center|color:%23001d1b&#8221; google_fonts=&#8221;font_family:PT%20Serif%3Aregular%2Citalic%2C700%2C700italic|font_style:700%20bold%20italic%3A700%3Aitalic&#8221;][vc_empty_space height=&#8221;20px&#8221;][vc_raw_html]JTNDaWZyYW1lJTIwc3JjJTNEJTIyaHR0cHMlM0ElMkYlMkZ3d3cuaG9yc2V0ZWxleC5jb20lMkZyZXN1bHRzLnBocCUzRnVzZXJpZCUzRDYyMzQwJTI2YXBpa2V5JTNENGYwMmRmZGVjOWVlOWNhZDQ3ZjVjNzhkZTIxOTQwM2MlMjZmb3JtYXQlM0RodG1sJTI2ZGF5cyUzRDk5OSUyNnJhbmslM0Q5OSUyNnRpdGxlX3RleHRjb2xvciUzRDAwMWQxYiUyNmV2ZW50X2JnY29sb3IlM0QwMDFkMWIlMjZob3JzZWxpbmtfdGV4dGNvbG9yJTNEMDAxZDFiJTIyJTIwd2lkdGglM0QlMjIxMDAlMjUlMjIlMjBoZWlnaHQlM0QlMjI1MDBweCUyMiUzRSUzQyUyRmlmcmFtZSUzRQ==[\/vc_raw_html][vc_empty_space height=&#8221;40px&#8221;][\/vc_column][\/vc_row][vc_row][vc_column][\/vc_column][\/vc_row][vc_row][vc_column][vc_column_text][\/vc_column_text][\/vc_column][\/vc_row][vc_row][vc_column][vc_column_text]<\/p>\n<p>[\/vc_column_text][\/vc_column][\/vc_row][vc_row][vc_column][\/vc_column][\/vc_row]<\/p>\n<\/div>","protected":false},"excerpt":{"rendered":"<p>[vc_row][vc_column][vc_custom_heading text=&#8221;WILLKOMMEN BEI&#8221; font_container=&#8221;tag:h3|font_size:16px|text_align:center|color:%23cdba65&#8243; google_fonts=&#8221;font_family:PT%20Serif%3Aregular%2Citalic%2C700%2C700italic|font_style:400%20italic%3A400%3Aitalic&#8221;][vc_custom_heading text=&#8221;Team Nijhof&#8221; font_container=&#8221;tag:h2|font_size:36px|text_align:center|color:%23001d1b&#8221; google_fonts=&#8221;font_family:PT%20Serif%3Aregular%2Citalic%2C700%2C700italic|font_style:700%20bold%20italic%3A700%3Aitalic&#8221;][vc_column_text css=&#8221;.vc_custom_1700042701997{margin-top: 25px !important;margin-bottom: 30px !important;}&#8221;] Team Nijhof ist ein Pferdesport- und Pferdezuchtbetrieb mit Gest\u00fct, EU-Station, Sportstall, Hengsthaltung und tier\u00e4rztlicher Praxis. Wir verf\u00fcgen \u00fcber eine Rekordzahl an Grand-Prix-Hengsten. Unsere Hengste geh\u00f6ren zur Weltspitze und zu den herausragenden Protagonisten im Sport. Beweis daf\u00fcr\u00a0ist die Teilnahme von Team Nijhof-Hengsten am Weltcup-Finale, an den Europameisterschaften und an den Olympischen Spielen in Rio de Janeiro 2016. [\/vc_column_text][vc_button color=&#8221;up_btn-d&#8221; align=&#8221;center&#8221; title=&#8221;Mehr&#8221; href=&#8221;over-team-nijhof&#8221;][vc_column_text css=&#8221;.vc_custom_1551355617849{margin-top: 25px !important;margin-bottom: 30px !important;}&#8221;][\/vc_column_text][vc_empty_space][vc_single_image image=&#8221;68912&#8243; img_size=&#8221;400&#215;600&#8243; alignment=&#8221;center&#8221; onclick=&#8221;custom_link&#8221; img_link_target=&#8221;_blank&#8221; css=&#8221;&#8221; link=&#8221;https:\/\/www.team-nijhof.nl\/wp-content\/uploads\/2026\/02\/20260130_Catalogus-Nijhof-2026-inhoud-DUI.pdf&#8221;][vc_empty_space][\/vc_column][\/vc_row][vc_row equal_height=&#8221;yes&#8221; row_type=&#8221;full&#8221; css=&#8221;.vc_custom_1524728775654{background-position: center !important;background-repeat: no-repeat !important;background-size: cover !important;}&#8221;][vc_column parallax=&#8221;content-moving&#8221; parallax_image=&#8221;24449&#8243; width=&#8221;1\/2&#8243; css=&#8221;.vc_custom_1671736615890{padding-right: &hellip; <a href=\"https:\/\/www.team-nijhof.nl\/de\/\">Mehr lesen<\/a><\/p>\n","protected":false},"author":3,"featured_media":0,"parent":0,"menu_order":1,"comment_status":"closed","ping_status":"closed","template":"page-fullwidth.php","meta":{"footnotes":""},"class_list":["post-7060","page","type-page","status-publish","hentry"],"_links":{"self":[{"href":"https:\/\/www.team-nijhof.nl\/de\/wp-json\/wp\/v2\/pages\/7060","targetHints":{"allow":["GET"]}}],"collection":[{"href":"https:\/\/www.team-nijhof.nl\/de\/wp-json\/wp\/v2\/pages"}],"about":[{"href":"https:\/\/www.team-nijhof.nl\/de\/wp-json\/wp\/v2\/types\/page"}],"author":[{"embeddable":true,"href":"https:\/\/www.team-nijhof.nl\/de\/wp-json\/wp\/v2\/users\/3"}],"replies":[{"embeddable":true,"href":"https:\/\/www.team-nijhof.nl\/de\/wp-json\/wp\/v2\/comments?post=7060"}],"version-history":[{"count":55,"href":"https:\/\/www.team-nijhof.nl\/de\/wp-json\/wp\/v2\/pages\/7060\/revisions"}],"predecessor-version":[{"id":68972,"href":"https:\/\/www.team-nijhof.nl\/de\/wp-json\/wp\/v2\/pages\/7060\/revisions\/68972"}],"wp:attachment":[{"href":"https:\/\/www.team-nijhof.nl\/de\/wp-json\/wp\/v2\/media?parent=7060"}],"curies":[{"name":"wp","href":"https:\/\/api.w.org\/{rel}","templated":true}]}}