{"id":7068,"date":"2016-02-16T16:32:08","date_gmt":"2016-02-16T15:32:08","guid":{"rendered":"http:\/\/www.team-nijhof.nl\/over-team-nijhof\/?lang=de"},"modified":"2026-02-21T17:52:58","modified_gmt":"2026-02-21T16:52:58","slug":"ueber-team-nijhof","status":"publish","type":"page","link":"https:\/\/www.team-nijhof.nl\/de\/ueber-team-nijhof\/","title":{"rendered":"\u00dcber Team Nijhof"},"content":{"rendered":"<div class=\"wpb-content-wrapper\"><p>[vc_row][vc_column][vc_column_text]<\/p>\n<h1>\u00dcber Team Nijhof<\/h1>\n<p>[\/vc_column_text][\/vc_column][\/vc_row][vc_row][vc_column][vc_empty_space][\/vc_column][\/vc_row][vc_row][vc_column width=&#8221;1\/2&#8243;][vc_column_text css=&#8221;&#8221;]<\/p>\n<p data-start=\"63\" data-end=\"582\">Team Nijhof ist ein Familienunternehmen mit einer reichen Geschichte, die bis ins Jahr 1916 zur\u00fcckreicht. Mit mehr als einem Jahrhundert Erfahrung z\u00e4hlt der Betrieb heute zu den f\u00fchrenden Namen in der internationalen Sportpferdezucht und im Reitsport. Was einst als klassische Pferdezucht begann, hat sich zu einem modernen, vielseitigen Pferdezentrum entwickelt \u2013 mit Gest\u00fct, EU-Hengststation, Sportstall, Hengsthaltung, Tierarztpraxis sowie einem professionellen Aufzuchtbetrieb f\u00fcr eigene Jungpferde und Zuchtstuten.<\/p>\n<p data-start=\"584\" data-end=\"991\">Im Laufe der Jahre hat Team Nijhof eine au\u00dfergew\u00f6hnlich starke Hengstkollektion aufgebaut. Die Hengste geh\u00f6ren zur Weltspitze und beweisen ihre Qualit\u00e4t kontinuierlich auf h\u00f6chstem Niveau im Spring- und Dressursport. Dies zeigt sich in Erfolgen bei internationalen Championaten, Weltcuppr\u00fcfungen und Olympischen Spielen, bei denen sowohl Team Nijhof Hengste als auch deren Nachkommen regelm\u00e4\u00dfig herausragen.<\/p>\n<p data-start=\"993\" data-end=\"1380\">Die Kollektion umfasst eine breite und sorgf\u00e4ltig ausgew\u00e4hlte Palette von Grand-Prix-Hengsten. Diese lassen sich grob in drei Gruppen einteilen: bew\u00e4hrte Spitzenpferde mit herausragenden Sport- und Zuchtergebnissen, Hengste die derzeit erfolgreich auf h\u00f6chstem Niveau antreten, und eine vielversprechende Gruppe junger Talente, in die das Team f\u00fcr die Zukunft stark investiert.<\/p>\n<p>\u00a0[\/vc_column_text][\/vc_column][vc_column width=&#8221;1\/2&#8243;][vc_column_text css=&#8221;&#8221;]<\/p>\n<p data-start=\"1382\" data-end=\"1553\">Neben frischem Sperma ist auch gefrorenes Sperma von mehreren legend\u00e4ren Hengsten erh\u00e4ltlich, wodurch sichergestellt wird, dass wertvolle Blutlinien f\u00fcr zuk\u00fcnftige Generationen von Sportpferden erhalten bleiben.<\/p>\n<p data-start=\"1555\" data-end=\"1957\" data-is-last-node=\"\" data-is-only-node=\"\">Team Nijhof ist bekannt f\u00fcr seine pers\u00f6nliche Betreuung und fachkundige Beratung. Z\u00fcchter k\u00f6nnen sich auf ehrliche und professionelle Unterst\u00fctzung bei der Wahl des passenden Hengstes f\u00fcr ihre Stuten verlassen abgestimmt auf Sportziele, Abstammung und Exterieur. Besucher sind jederzeit herzlich willkommen, um die Hengste und die Anlage kennenzulernen, selbstverst\u00e4ndlich bei einer guten Tasse Kaffee.<\/p>\n<p>\u00a0[\/vc_column_text][\/vc_column][\/vc_row][vc_row][vc_column][vc_empty_space][\/vc_column][\/vc_row][vc_row][vc_column][vc_gallery type=&#8221;image_grid&#8221; images=&#8221;48842,48843,48844,48845,48846,48847,48848,48849,48850,48851,48852,5557&#8243;][\/vc_column][\/vc_row][vc_row][vc_column][vc_empty_space][\/vc_column][\/vc_row]<\/p>\n<\/div>","protected":false},"excerpt":{"rendered":"<p>[vc_row][vc_column][vc_column_text] \u00dcber Team Nijhof [\/vc_column_text][\/vc_column][\/vc_row][vc_row][vc_column][vc_empty_space][\/vc_column][\/vc_row][vc_row][vc_column width=&#8221;1\/2&#8243;][vc_column_text css=&#8221;&#8221;] Team Nijhof ist ein Familienunternehmen mit einer reichen Geschichte, die bis ins Jahr 1916 zur\u00fcckreicht. Mit mehr als einem Jahrhundert Erfahrung z\u00e4hlt der Betrieb heute zu den f\u00fchrenden Namen in der internationalen Sportpferdezucht und im Reitsport. Was einst als klassische Pferdezucht begann, hat sich zu einem modernen, vielseitigen Pferdezentrum entwickelt \u2013 mit Gest\u00fct, EU-Hengststation, Sportstall, Hengsthaltung, Tierarztpraxis sowie einem professionellen Aufzuchtbetrieb f\u00fcr eigene Jungpferde und Zuchtstuten. Im Laufe der Jahre hat Team Nijhof eine au\u00dfergew\u00f6hnlich starke Hengstkollektion aufgebaut. Die Hengste geh\u00f6ren zur Weltspitze und beweisen ihre Qualit\u00e4t kontinuierlich auf h\u00f6chstem Niveau im Spring- &hellip; <a href=\"https:\/\/www.team-nijhof.nl\/de\/ueber-team-nijhof\/\">Mehr lesen<\/a><\/p>\n","protected":false},"author":3,"featured_media":0,"parent":0,"menu_order":3,"comment_status":"closed","ping_status":"closed","template":"page-fullwidth.php","meta":{"footnotes":""},"class_list":["post-7068","page","type-page","status-publish","hentry"],"_links":{"self":[{"href":"https:\/\/www.team-nijhof.nl\/de\/wp-json\/wp\/v2\/pages\/7068","targetHints":{"allow":["GET"]}}],"collection":[{"href":"https:\/\/www.team-nijhof.nl\/de\/wp-json\/wp\/v2\/pages"}],"about":[{"href":"https:\/\/www.team-nijhof.nl\/de\/wp-json\/wp\/v2\/types\/page"}],"author":[{"embeddable":true,"href":"https:\/\/www.team-nijhof.nl\/de\/wp-json\/wp\/v2\/users\/3"}],"replies":[{"embeddable":true,"href":"https:\/\/www.team-nijhof.nl\/de\/wp-json\/wp\/v2\/comments?post=7068"}],"version-history":[{"count":9,"href":"https:\/\/www.team-nijhof.nl\/de\/wp-json\/wp\/v2\/pages\/7068\/revisions"}],"predecessor-version":[{"id":69367,"href":"https:\/\/www.team-nijhof.nl\/de\/wp-json\/wp\/v2\/pages\/7068\/revisions\/69367"}],"wp:attachment":[{"href":"https:\/\/www.team-nijhof.nl\/de\/wp-json\/wp\/v2\/media?parent=7068"}],"curies":[{"name":"wp","href":"https:\/\/api.w.org\/{rel}","templated":true}]}}