{"id":7076,"date":"2016-02-18T14:41:47","date_gmt":"2016-02-18T13:41:47","guid":{"rendered":"http:\/\/www.team-nijhof.nl\/ueber-team-nijhof\/geschiedenis\/?lang=de"},"modified":"2016-04-26T11:02:27","modified_gmt":"2016-04-26T09:02:27","slug":"geschichte","status":"publish","type":"page","link":"https:\/\/www.team-nijhof.nl\/de\/ueber-team-nijhof\/geschichte\/","title":{"rendered":"Geschichte"},"content":{"rendered":"<div class=\"wpb-content-wrapper\"><p>[vc_row][vc_column][vc_column_text]<\/p>\n<h1>Jubil\u00e4um: 100 Jahre Team Nijhof<\/h1>\n<p>[\/vc_column_text][\/vc_column][\/vc_row][vc_row][vc_column][vc_empty_space][\/vc_column][\/vc_row][vc_row][vc_column width=&#8221;1\/2&#8243;][vc_column_text]<\/p>\n<div class=\"entry-content\">\n<p>1916 errichtete der Vater von Henk sen. einen b\u00e4uerlichen &#8220;Mischbetrieb&#8221; mit K\u00fchen und Schweinen. Er war ein wahrhafter Pferdemann und gr\u00fcndete u.a. den Reitverein in Geesteren. Einer der ersten gek\u00f6rten Hengste von Team Nijhof war Heraut, der 1946 die Zuchtzulassung erhielt und in Bussum bei der Hengstk\u00f6rung verkauft wurde.<\/p>\n<p>Als Henk sen. den Betrieb einige Zeit sp\u00e4ter \u00fcbernahm, spezialisierte er sich 1964 mehr auf die Pferde. Grund daf\u00fcr war ein Bandscheibenvorfall in seinem 21. Lebensjahr, der verhinderte, dass er sich ausschlie\u00dflich mit Vieh besch\u00e4ftigte. Diesen Entschluss hat er nie bedauert! Jeannette war anfangs nicht im Betrieb t\u00e4tig. Als das Unternehmen auf internationalem Niveau jedoch immer bekannter wurde, beschloss sie, das Team zu verst\u00e4rken.<\/p>\n<\/div>\n<p>[\/vc_column_text][\/vc_column][vc_column width=&#8221;1\/2&#8243;][vc_column_text]Jetzt, 100 Jahre nach der Gr\u00fcndung von Team Nijhof hat sich unser Betrieb zu einer weltber\u00fchmten Hengsthaltung entwickelt \u2013 mit Hauptfiguren wie Verdi und Johnson, die beide bei den Weltreiterspielen eine Medaille gewannen. Wir haben einen sehr breit aufgestellten equestrischen Betrieb mit Gest\u00fct, EU-Station, Sportstall, Hengsthaltung und tier\u00e4rztlicher Praxis. 2015 gewannen wir den Preis &#8220;Hippologischer Unternehmer des Jahres&#8221;.[\/vc_column_text][\/vc_column][\/vc_row][vc_row][vc_column][vc_empty_space][\/vc_column][\/vc_row][vc_row][vc_column][vc_gallery type=&#8221;image_grid&#8221; images=&#8221;5564,5562,5561,5557,5558,5556,5555,5552,5553,5550,5551,5549,5547,5543,5545,5548,5544,5554,5559,5541,5542&#8243; title=&#8221;Fotogalerij &#8220;][\/vc_column][\/vc_row][vc_row][vc_column][vc_empty_space height=&#8221;45px&#8221;][\/vc_column][\/vc_row]<\/p>\n<\/div>","protected":false},"excerpt":{"rendered":"<p>[vc_row][vc_column][vc_column_text] Jubil\u00e4um: 100 Jahre Team Nijhof [\/vc_column_text][\/vc_column][\/vc_row][vc_row][vc_column][vc_empty_space][\/vc_column][\/vc_row][vc_row][vc_column width=&#8221;1\/2&#8243;][vc_column_text] 1916 errichtete der Vater von Henk sen. einen b\u00e4uerlichen &#8220;Mischbetrieb&#8221; mit K\u00fchen und Schweinen. Er war ein wahrhafter Pferdemann und gr\u00fcndete u.a. den Reitverein in Geesteren. Einer der ersten gek\u00f6rten Hengste von Team Nijhof war Heraut, der 1946 die Zuchtzulassung erhielt und in Bussum bei der Hengstk\u00f6rung verkauft wurde. Als Henk sen. den Betrieb einige Zeit sp\u00e4ter \u00fcbernahm, spezialisierte er sich 1964 mehr auf die Pferde. Grund daf\u00fcr war ein Bandscheibenvorfall in seinem 21. Lebensjahr, der verhinderte, dass er sich ausschlie\u00dflich mit Vieh besch\u00e4ftigte. Diesen Entschluss hat er nie bedauert! Jeannette war &hellip; <a href=\"https:\/\/www.team-nijhof.nl\/de\/ueber-team-nijhof\/geschichte\/\">Mehr lesen<\/a><\/p>\n","protected":false},"author":3,"featured_media":0,"parent":7068,"menu_order":0,"comment_status":"closed","ping_status":"closed","template":"page-fullwidth.php","meta":{"footnotes":""},"class_list":["post-7076","page","type-page","status-publish","hentry"],"_links":{"self":[{"href":"https:\/\/www.team-nijhof.nl\/de\/wp-json\/wp\/v2\/pages\/7076","targetHints":{"allow":["GET"]}}],"collection":[{"href":"https:\/\/www.team-nijhof.nl\/de\/wp-json\/wp\/v2\/pages"}],"about":[{"href":"https:\/\/www.team-nijhof.nl\/de\/wp-json\/wp\/v2\/types\/page"}],"author":[{"embeddable":true,"href":"https:\/\/www.team-nijhof.nl\/de\/wp-json\/wp\/v2\/users\/3"}],"replies":[{"embeddable":true,"href":"https:\/\/www.team-nijhof.nl\/de\/wp-json\/wp\/v2\/comments?post=7076"}],"version-history":[{"count":2,"href":"https:\/\/www.team-nijhof.nl\/de\/wp-json\/wp\/v2\/pages\/7076\/revisions"}],"predecessor-version":[{"id":7078,"href":"https:\/\/www.team-nijhof.nl\/de\/wp-json\/wp\/v2\/pages\/7076\/revisions\/7078"}],"up":[{"embeddable":true,"href":"https:\/\/www.team-nijhof.nl\/de\/wp-json\/wp\/v2\/pages\/7068"}],"wp:attachment":[{"href":"https:\/\/www.team-nijhof.nl\/de\/wp-json\/wp\/v2\/media?parent=7076"}],"curies":[{"name":"wp","href":"https:\/\/api.w.org\/{rel}","templated":true}]}}