{"id":7087,"date":"2016-02-18T15:02:25","date_gmt":"2016-02-18T14:02:25","guid":{"rendered":"http:\/\/www.team-nijhof.nl\/merriebegeleiding\/?lang=de"},"modified":"2025-01-14T11:07:18","modified_gmt":"2025-01-14T10:07:18","slug":"stutenbetreuung","status":"publish","type":"page","link":"https:\/\/www.team-nijhof.nl\/de\/stutenbetreuung\/","title":{"rendered":"Stutenbetreuung"},"content":{"rendered":"<div class=\"wpb-content-wrapper\"><p>[vc_row][vc_column][vc_empty_space height=&#8221;30px&#8221;][vc_column_text]<\/p>\n<h1>Stutenbetreuung<\/h1>\n<p>[\/vc_column_text][\/vc_column][\/vc_row][vc_row][vc_column][vc_empty_space height=&#8221;30px&#8221;][\/vc_column][\/vc_row][vc_row css=&#8221;.vc_custom_1455804143669{margin-bottom: 30px !important;}&#8221;][vc_column width=&#8221;2\/3&#8243;][vc_column_text css=&#8221;&#8221;]Tierarzt Jeroen Smak von DAP Berkenzicht BV ist zust\u00e4ndig f\u00fcr die Stutenbetreuung in unserem Betrieb. Weil wir unsere Z\u00fcchter sch\u00e4tzen, bieten wir ihnen eine &#8216;lebend Fohlen&#8217;-Garantie an. Wird Ihr Fohlen nicht lebend geboren, dann k\u00f6nnen Sie zum g\u00fcst-Tarif weiter decken lassen (falls Sie das Deckgeld im Jahr der Bedeckung entrichtet haben).<\/p>\n<p>G\u00fcst-Erkl\u00e4rungen m\u00fcssen vor dem 30. September 2025 bei uns vorliegen; anderenfalls verf\u00e4llt die g\u00fcst-Erm\u00e4\u00dfigung. F\u00fcr g\u00fcste Stuten werden ein Betrag von \u20ac 250,- (zzgl. MWSt.) und die Versandkosten in Rechnung gestellt.<\/p>\n<p><strong><a href=\"https:\/\/www.team-nijhof.nl\/de\/allgemeinegeschaftsbedingungen\/\">Allgemeine Gesch\u00e4ftsbedingungen<\/a><\/strong><\/p>\n<p><img loading=\"lazy\" decoding=\"async\" class=\"alignnone size-medium wp-image-19174\" src=\"https:\/\/www.team-nijhof.nl\/wp-content\/uploads\/2020\/03\/logo-berkelzicht-2-300x150.png\" alt=\"\" width=\"300\" height=\"150\" srcset=\"https:\/\/www.team-nijhof.nl\/wp-content\/uploads\/2020\/03\/logo-berkelzicht-2-300x150.png 300w, https:\/\/www.team-nijhof.nl\/wp-content\/uploads\/2020\/03\/logo-berkelzicht-2-768x384.png 768w, https:\/\/www.team-nijhof.nl\/wp-content\/uploads\/2020\/03\/logo-berkelzicht-2-200x100.png 200w, https:\/\/www.team-nijhof.nl\/wp-content\/uploads\/2020\/03\/logo-berkelzicht-2.png 862w\" sizes=\"auto, (max-width: 300px) 100vw, 300px\" \/>[\/vc_column_text][\/vc_column][vc_column width=&#8221;1\/3&#8243;][\/vc_column][\/vc_row]<\/p>\n<\/div>","protected":false},"excerpt":{"rendered":"<p>[vc_row][vc_column][vc_empty_space height=&#8221;30px&#8221;][vc_column_text] Stutenbetreuung [\/vc_column_text][\/vc_column][\/vc_row][vc_row][vc_column][vc_empty_space height=&#8221;30px&#8221;][\/vc_column][\/vc_row][vc_row css=&#8221;.vc_custom_1455804143669{margin-bottom: 30px !important;}&#8221;][vc_column width=&#8221;2\/3&#8243;][vc_column_text css=&#8221;&#8221;]Tierarzt Jeroen Smak von DAP Berkenzicht BV ist zust\u00e4ndig f\u00fcr die Stutenbetreuung in unserem Betrieb. Weil wir unsere Z\u00fcchter sch\u00e4tzen, bieten wir ihnen eine &#8216;lebend Fohlen&#8217;-Garantie an. Wird Ihr Fohlen nicht lebend geboren, dann k\u00f6nnen Sie zum g\u00fcst-Tarif weiter decken lassen (falls Sie das Deckgeld im Jahr der Bedeckung entrichtet haben). G\u00fcst-Erkl\u00e4rungen m\u00fcssen vor dem 30. September 2025 bei uns vorliegen; anderenfalls verf\u00e4llt die g\u00fcst-Erm\u00e4\u00dfigung. F\u00fcr g\u00fcste Stuten werden ein Betrag von \u20ac 250,- (zzgl. MWSt.) und die Versandkosten in Rechnung gestellt. Allgemeine Gesch\u00e4ftsbedingungen [\/vc_column_text][\/vc_column][vc_column width=&#8221;1\/3&#8243;][\/vc_column][\/vc_row]<\/p>\n","protected":false},"author":3,"featured_media":0,"parent":0,"menu_order":0,"comment_status":"closed","ping_status":"closed","template":"page-fullwidth.php","meta":{"footnotes":""},"class_list":["post-7087","page","type-page","status-publish","hentry"],"_links":{"self":[{"href":"https:\/\/www.team-nijhof.nl\/de\/wp-json\/wp\/v2\/pages\/7087","targetHints":{"allow":["GET"]}}],"collection":[{"href":"https:\/\/www.team-nijhof.nl\/de\/wp-json\/wp\/v2\/pages"}],"about":[{"href":"https:\/\/www.team-nijhof.nl\/de\/wp-json\/wp\/v2\/types\/page"}],"author":[{"embeddable":true,"href":"https:\/\/www.team-nijhof.nl\/de\/wp-json\/wp\/v2\/users\/3"}],"replies":[{"embeddable":true,"href":"https:\/\/www.team-nijhof.nl\/de\/wp-json\/wp\/v2\/comments?post=7087"}],"version-history":[{"count":13,"href":"https:\/\/www.team-nijhof.nl\/de\/wp-json\/wp\/v2\/pages\/7087\/revisions"}],"predecessor-version":[{"id":55590,"href":"https:\/\/www.team-nijhof.nl\/de\/wp-json\/wp\/v2\/pages\/7087\/revisions\/55590"}],"wp:attachment":[{"href":"https:\/\/www.team-nijhof.nl\/de\/wp-json\/wp\/v2\/media?parent=7087"}],"curies":[{"name":"wp","href":"https:\/\/api.w.org\/{rel}","templated":true}]}}