{"id":7099,"date":"2016-02-24T09:11:03","date_gmt":"2016-02-24T08:11:03","guid":{"rendered":"http:\/\/www.team-nijhof.nl\/eu-station\/?lang=de"},"modified":"2023-11-15T10:53:39","modified_gmt":"2023-11-15T09:53:39","slug":"eu-station","status":"publish","type":"page","link":"https:\/\/www.team-nijhof.nl\/de\/eu-station\/","title":{"rendered":"EU-Station"},"content":{"rendered":"<div class=\"wpb-content-wrapper\"><p>[vc_row][vc_column][vc_column_text]<\/p>\n<h1>EU Station<\/h1>\n<p>[\/vc_column_text][\/vc_column][\/vc_row][vc_row][vc_column][vc_empty_space][\/vc_column][\/vc_row][vc_row][vc_column width=&#8221;2\/3&#8243;][vc_column_text]W\u00e4hrend der Decksaison k\u00f6nnen Sie t\u00e4glich <strong>bis 10 Uhr<\/strong> Sperma bestellen beim Team Nijhof, bei unsere Bestellformular oder bei Dorine ten Poele oder Jeannette Benedict-Nijhof.<\/p>\n<p>[\/vc_column_text][vc_empty_space height=&#8221;25px&#8221;][vc_button color=&#8221;up_btn-d&#8221; align=&#8221;center&#8221; title=&#8221;ZU BESTELLFORMULAR&#8221; href=&#8221;bestellformular\/?lang=de&#8221;][vc_empty_space height=&#8221;25px&#8221;][vc_column_text]Das Sperma wird pro Tr\u00e4chtigkeit in Rechnung gestellt. Das betrifft das Sperma, das an die Z\u00fcchter und die Besamungsstationen sowohl in den Niederlanden als auch im Ausland versendet wird. Es ist nicht m\u00f6glich, einzelne Portionen oder R\u00f6hrchen zu kaufen. SWS Nijhof BV bleibt immer Eigent\u00fcmer des gelieferten Spermas. Alle \u00fcbriggebliebenen R\u00f6hrchen m\u00fcssen deshalb vor Ende der Decksaison returniert werden, falls nicht andere Absprachen schriftlich zwischen SWS Nijhof BV und dem fraglichen Eigent\u00fcmer\/Z\u00fcchter getroffen worden sind. Ist das der Fall, dann kann das betreffende Sperma im\/in den folgenden Jahr(en) gebraucht und von SWS Nijhof BV in Rechnung gestellt werden.<\/p>\n<p><strong>Deckgeld<\/strong><\/p>\n<p>Die Deckgelder des Team Nijhof verstehen sich zzgl. MWSt. und\/oder Versandkosten sowie Tierarzt-Kosten. Die Tierarzt-Kosten tr\u00e4gt der Stutenhalter. Das betrifft die Kosten f\u00fcr das Abtasten, Scannen und die Medikamente. Die Kosten werden in Rechnung gestellt von DAP Berkelzicht BV.<\/p>\n<p>Die Versandkosten f\u00fcr Sperma nach au\u00dferhalb der Niederlande und die Kosten f\u00fcr die Gesundheitspapiere werden an den Stutenhalter weitergegeben. Die Versandkosten f\u00fcr das Sperma von Hengsten, die auf Deckstation im Ausland stehen, werden ebenfalls an den Stutenhalter weitergegeben. Zu diesem Thema k\u00f6nnen Sie unverbindlich Kontakt mit uns aufnehmen.<\/p>\n<p><strong>Agenten<\/strong><\/p>\n<ul>\n<li>Dorine ten Poele<\/li>\n<li>Alvyra Arendsen Raedt<\/li>\n<li>Jeannette Benedict-Nijhof<\/li>\n<\/ul>\n<p>Telefonnummer: 0545 481 259<br \/>\nAus Belgien\/Deutschland: +31 545 481 259 (besetzt von 08.00 Uhr bis 17.30 Uhr)<\/p>\n<p>Es ist immer gut, wenn Sie Ihre Bestellung telefonisch \u00fcberpr\u00fcfen. Dann wissen Sie, dass alles in Ordnung ist. Wichtig ist es au\u00dferdem, dass Sie bei der ersten Bedeckung, den Name des Eigners, den Name der Stute und die Lebensnummer der Stute mitteilen.[\/vc_column_text][\/vc_column][\/vc_row][vc_row][vc_column][vc_empty_space][\/vc_column][\/vc_row]<\/p>\n<\/div>","protected":false},"excerpt":{"rendered":"<p>[vc_row][vc_column][vc_column_text] EU Station [\/vc_column_text][\/vc_column][\/vc_row][vc_row][vc_column][vc_empty_space][\/vc_column][\/vc_row][vc_row][vc_column width=&#8221;2\/3&#8243;][vc_column_text]W\u00e4hrend der Decksaison k\u00f6nnen Sie t\u00e4glich bis 10 Uhr Sperma bestellen beim Team Nijhof, bei unsere Bestellformular oder bei Dorine ten Poele oder Jeannette Benedict-Nijhof. [\/vc_column_text][vc_empty_space height=&#8221;25px&#8221;][vc_button color=&#8221;up_btn-d&#8221; align=&#8221;center&#8221; title=&#8221;ZU BESTELLFORMULAR&#8221; href=&#8221;bestellformular\/?lang=de&#8221;][vc_empty_space height=&#8221;25px&#8221;][vc_column_text]Das Sperma wird pro Tr\u00e4chtigkeit in Rechnung gestellt. Das betrifft das Sperma, das an die Z\u00fcchter und die Besamungsstationen sowohl in den Niederlanden als auch im Ausland versendet wird. Es ist nicht m\u00f6glich, einzelne Portionen oder R\u00f6hrchen zu kaufen. SWS Nijhof BV bleibt immer Eigent\u00fcmer des gelieferten Spermas. Alle \u00fcbriggebliebenen R\u00f6hrchen m\u00fcssen deshalb vor Ende der Decksaison returniert werden, falls nicht andere Absprachen schriftlich &hellip; <a href=\"https:\/\/www.team-nijhof.nl\/de\/eu-station\/\">Mehr lesen<\/a><\/p>\n","protected":false},"author":5,"featured_media":0,"parent":0,"menu_order":0,"comment_status":"closed","ping_status":"closed","template":"page-fullwidth.php","meta":{"footnotes":""},"class_list":["post-7099","page","type-page","status-publish","hentry"],"_links":{"self":[{"href":"https:\/\/www.team-nijhof.nl\/de\/wp-json\/wp\/v2\/pages\/7099","targetHints":{"allow":["GET"]}}],"collection":[{"href":"https:\/\/www.team-nijhof.nl\/de\/wp-json\/wp\/v2\/pages"}],"about":[{"href":"https:\/\/www.team-nijhof.nl\/de\/wp-json\/wp\/v2\/types\/page"}],"author":[{"embeddable":true,"href":"https:\/\/www.team-nijhof.nl\/de\/wp-json\/wp\/v2\/users\/5"}],"replies":[{"embeddable":true,"href":"https:\/\/www.team-nijhof.nl\/de\/wp-json\/wp\/v2\/comments?post=7099"}],"version-history":[{"count":8,"href":"https:\/\/www.team-nijhof.nl\/de\/wp-json\/wp\/v2\/pages\/7099\/revisions"}],"predecessor-version":[{"id":48911,"href":"https:\/\/www.team-nijhof.nl\/de\/wp-json\/wp\/v2\/pages\/7099\/revisions\/48911"}],"wp:attachment":[{"href":"https:\/\/www.team-nijhof.nl\/de\/wp-json\/wp\/v2\/media?parent=7099"}],"curies":[{"name":"wp","href":"https:\/\/api.w.org\/{rel}","templated":true}]}}