{"id":7104,"date":"2016-02-16T16:38:18","date_gmt":"2016-02-16T15:38:18","guid":{"rendered":"http:\/\/www.team-nijhof.nl\/algemenevoorwaarden\/?lang=de"},"modified":"2026-01-26T13:20:32","modified_gmt":"2026-01-26T12:20:32","slug":"allgemeinegeschaftsbedingungen","status":"publish","type":"page","link":"https:\/\/www.team-nijhof.nl\/de\/allgemeinegeschaftsbedingungen\/","title":{"rendered":"Allgemeine Gesch\u00e4ftsbedingungen"},"content":{"rendered":"<div class=\"wpb-content-wrapper\"><p>[vc_row][vc_column][vc_column_text css=&#8221;&#8221;]<\/p>\n<h1>Allgemeine Gesch\u00e4ftsbedingungen 2026<\/h1>\n<p>[\/vc_column_text][\/vc_column][\/vc_row][vc_row][vc_column][vc_empty_space][\/vc_column][\/vc_row][vc_row][vc_column width=&#8221;2\/3&#8243;][vc_column_text css=&#8221;&#8221;]<\/p>\n<ol>\n<li>Die Allgemeinen Gesch\u00e4ftsbedingungen des KWPN Bundes der Hengsthalter gelten f\u00fcr alle Bedeckungen \u00fcber SWS Nijhof B.V. im Jahre 2026.<\/li>\n<li>Das Sperma unserer Hengste kann t\u00e4glich <strong>bis 09.30 Uhr<\/strong> bestellt werden. Bei der Bestellung m\u00fcssen der Name und die Lebensnummer der Stute sowie die vollst\u00e4ndige Adresse des Stutenhalters gemeldet werden.<\/li>\n<li>Nach der ersten Bestellung werden der erste Teil des Deckgeldes, d.h. 250 Euro (zzgl. MwSt.) und die Versandkosten in Rechnung gestellt. Der zweite Teil des Deckgeldes wird in Rechnung gestellt, wenn die Stute 6-8 Wochen tragend ist.<\/li>\n<li>F\u00fcr die nicht-tragende Stute muss vor dem 1. Oktober 2026 eine schriftliche nicht-Tr\u00e4chtigkeit Erkl\u00e4rung des Tierarztes vorliegen. Anderenfalls entf\u00e4llt die g\u00fcst-Regelung.<br \/>\nWar die Stute vorher tragend und ist sie nach dem 1. Oktober 2026 nicht tragend, kann die Gutschrift nur im Folgejahr (2027) mit <strong>demselben Hengst<\/strong> verwendet werden.<\/li>\n<li>SWS Nijhof BV verkauft keine einzelnen Spermaportionen, sondern nur Tr\u00e4chtigkeiten (mit Ausnahme von Heartbreaker und Clinton). Sie bezahlen das Deckgeld pro tr\u00e4chtige Stute. Nicht verwendete Spermaportionen bleiben im dauerhaften Besitz von SWS Nijhof BV und m\u00fcssen am Ende der Decksaison returniert werden oder d\u00fcrfen gegen Bezahlung noch verwendet werden.<\/li>\n<li>Mit Frisch Samen oder TG Samen gewonnene Embryonen m\u00fcssen im Jahr der Samenabgabe bezahlt werden.<\/li>\n<li>Die Stutenbetreuung auf unserer Station wird besorgt durch Tierarzt Jeroen Smak von DAP Berkelzicht.<\/li>\n<li>Stuten werden besamt auf Rechnung und Risiko des Stuteneigners.<\/li>\n<li>Versandkosten und amtstier\u00e4rztliche Kosten f\u00fcr Bedeckungen im Inland und Ausland werden zur G\u00e4nze an den Stutenhalter weitergegeben.<\/li>\n<li>F\u00fcr Bedeckungen durch ausl\u00e4ndische Hengste und\/oder selbst gelieferte Spermaportionen wird eine Besamungsverg\u00fctung in Rechnung gestellt.<\/li>\n<li>Bei \u00dcberschreitung des Zahlungstermins erh\u00f6ht sich der Rechnungbetrag um die Mahnkosten und eine S\u00e4umnisgeb\u00fchr sowie eventuelle Inkassokosten.<\/li>\n<li>Durch die Bestellung und Annahme des Spermas erkl\u00e4rt der Stutenhalter, Kenntnis von diesen Gesch\u00e4ftsbedingungen erhalten zu haben, und er erkl\u00e4rt sich einverstanden mit den Deck- und Zahlungsbedingungen.<\/li>\n<li>SWS Nijhof BV \u00fcbernimmt keinerlei Verantwortung f\u00fcr einen Schaden, eine Erkrankung oder Verletzung an Menschen, Tieren, Transportmitteln oder anderem.<\/li>\n<li><span lang=\"DE-AT\">SWS Nijhof B.V. haftet f\u00fcr keinerlei M\u00e4ngel in Bezug auf die Lieferung von Sperma, es sei denn sie beruhen auf Vorsatz und\/oder Leichtfertigkeit. <\/span>SWS Nijhof B.V. f\u00fchrt die Bestellungen nach bestem Wissen und Verm\u00f6gen aus. <span lang=\"DE-AT\">In dem eventuellen Fall einer versp\u00e4teten\u00a0or fehlerhaften Lieferungen ist SWS Nijhof B.V. keinesfalls f\u00fcr irgendeine Art von Sch\u00e4den, die dadurch entstehen k\u00f6nnten, verantwortlich.<\/span><\/li>\n<li>Europ\u00e4ische EU-Station: NL-8486: F\u00fcr den Versand von Frisch- und Tiefgefriersperma unserer Hengste ins Ausland sind wir zertifiziert. Beachten Sie bitte, dass wir die entsprechende Abteilung des niederl\u00e4ndischen Wirtschaftsministeriums bei Exporten rechtzeitig informieren m\u00fcssen.<\/li>\n<li><strong>Bitte registrieren Sie Ihre Adresse in der Europ\u00e4ischen Datenbank von Traces. <\/strong>Ihre Adresse muss g\u00fcltig sein, sonst k\u00f6nnen wir kein Samen verschicken.<\/li>\n<li>Das Stallgeld bei SWS Nijhof BV betr\u00e4gt \u20ac 8,50 (zzgl. MwSt.) f\u00fcr Stuten ohne Fohlen und \u20ac 12,00 (zzgl. MwSt.) f\u00fcr Stuten mit Fohlen.<\/li>\n<li>Die Tierarztkosten f\u00fcr das Abtasten (Palpieren) und Scannen betragen \u20ac 125,00 (zzgl. MwSt. sowie Medikamente und weitere Ma\u00dfnahmen), falls Sie einen Hengst in Anspruch nehmen, dessen Eigner Nijhof ist. Bei anderen Hengsten sowie selbst angeliefertem Sperma betragen die Tierarztkosten f\u00fcr die Betreuung \u20ac 350,00 (zzgl. MwSt.).Die Stuten m\u00fcssen mindestens drei Jahre alt sein, um bef\u00fchlt und\/oder besamt zu werden<\/li>\n<\/ol>\n<p>Haben Sie Fragen oder wollen Sie Ausk\u00fcnfte \u00fcber spezielle Konditionen, dann nehmen Sie Kontakt auf \u00fcber: 0031545-481259 oder \u00fcber: info@team-nijhof.nl.<\/p>\n<p>Unser B\u00fcro ist ge\u00f6ffnet von 08.00 Uhr bis 17.00 Uhr.[\/vc_column_text][\/vc_column][vc_column width=&#8221;1\/3&#8243;][\/vc_column][\/vc_row]<\/p>\n<\/div>","protected":false},"excerpt":{"rendered":"<p>[vc_row][vc_column][vc_column_text css=&#8221;&#8221;] Allgemeine Gesch\u00e4ftsbedingungen 2026 [\/vc_column_text][\/vc_column][\/vc_row][vc_row][vc_column][vc_empty_space][\/vc_column][\/vc_row][vc_row][vc_column width=&#8221;2\/3&#8243;][vc_column_text css=&#8221;&#8221;] Die Allgemeinen Gesch\u00e4ftsbedingungen des KWPN Bundes der Hengsthalter gelten f\u00fcr alle Bedeckungen \u00fcber SWS Nijhof B.V. im Jahre 2026. Das Sperma unserer Hengste kann t\u00e4glich bis 09.30 Uhr bestellt werden. Bei der Bestellung m\u00fcssen der Name und die Lebensnummer der Stute sowie die vollst\u00e4ndige Adresse des Stutenhalters gemeldet werden. Nach der ersten Bestellung werden der erste Teil des Deckgeldes, d.h. 250 Euro (zzgl. MwSt.) und die Versandkosten in Rechnung gestellt. Der zweite Teil des Deckgeldes wird in Rechnung gestellt, wenn die Stute 6-8 Wochen tragend ist. F\u00fcr die nicht-tragende Stute muss vor &hellip; <a href=\"https:\/\/www.team-nijhof.nl\/de\/allgemeinegeschaftsbedingungen\/\">Mehr lesen<\/a><\/p>\n","protected":false},"author":3,"featured_media":0,"parent":0,"menu_order":5,"comment_status":"closed","ping_status":"closed","template":"page-fullwidth.php","meta":{"footnotes":""},"class_list":["post-7104","page","type-page","status-publish","hentry"],"_links":{"self":[{"href":"https:\/\/www.team-nijhof.nl\/de\/wp-json\/wp\/v2\/pages\/7104","targetHints":{"allow":["GET"]}}],"collection":[{"href":"https:\/\/www.team-nijhof.nl\/de\/wp-json\/wp\/v2\/pages"}],"about":[{"href":"https:\/\/www.team-nijhof.nl\/de\/wp-json\/wp\/v2\/types\/page"}],"author":[{"embeddable":true,"href":"https:\/\/www.team-nijhof.nl\/de\/wp-json\/wp\/v2\/users\/3"}],"replies":[{"embeddable":true,"href":"https:\/\/www.team-nijhof.nl\/de\/wp-json\/wp\/v2\/comments?post=7104"}],"version-history":[{"count":24,"href":"https:\/\/www.team-nijhof.nl\/de\/wp-json\/wp\/v2\/pages\/7104\/revisions"}],"predecessor-version":[{"id":68803,"href":"https:\/\/www.team-nijhof.nl\/de\/wp-json\/wp\/v2\/pages\/7104\/revisions\/68803"}],"wp:attachment":[{"href":"https:\/\/www.team-nijhof.nl\/de\/wp-json\/wp\/v2\/media?parent=7104"}],"curies":[{"name":"wp","href":"https:\/\/api.w.org\/{rel}","templated":true}]}}